{"id":32182,"date":"2025-08-13T18:15:51","date_gmt":"2025-08-13T18:15:51","guid":{"rendered":"https:\/\/fabreeka.com\/glossaire\/"},"modified":"2025-08-13T18:15:51","modified_gmt":"2025-08-13T18:15:51","slug":"glossaire","status":"publish","type":"page","link":"https:\/\/www.fabreeka.com\/fr\/glossaire\/","title":{"rendered":"Glossaire"},"content":{"rendered":"<div class=\"glossary\">\n<div class=\"glossary-item group-0\">\n<h1>Glossaire<\/h1>\n<p>&nbsp;<\/p>\n<div><\/div>\n<\/div>\n<\/div>\n<div class=\"glossary\">\n<div class=\"glossary-item group-4\">\n<div class=\"glossary-description\">\n<p><strong>Acc\u00e9l\u00e9ration<\/strong><br \/>\nL&rsquo;acc\u00e9l\u00e9ration est une quantit\u00e9 vectorielle qui sp\u00e9cifie le taux de variation temporelle de la vitesse.<\/p>\n<p><strong>Amplitude<\/strong><br \/>\nL&rsquo;amplitude est la valeur maximale d&rsquo;une quantit\u00e9 sinuso\u00efdale (c&rsquo;est-\u00e0-dire l&rsquo;acc\u00e9l\u00e9ration, le d\u00e9placement).<\/p>\n<p><strong>Centre de gravit\u00e9<\/strong><br \/>\nPoint d&rsquo;appui o\u00f9 un corps est en \u00e9quilibre.<\/p>\n<p><strong>Amortissement<\/strong><br \/>\nL&rsquo;amortissement est la dissipation de l&rsquo;\u00e9nergie dans un syst\u00e8me oscillant. Il limite l&rsquo;amplitude maximale \u00e0 la fr\u00e9quence naturelle de l&rsquo;isolateur. <\/p>\n<p><strong>Bande d\u00e9cadaire<\/strong><br \/>\nUne d\u00e9cade est l&rsquo;intervalle entre deux fr\u00e9quences discr\u00e8tes ayant un rapport de fr\u00e9quence de base de dix. Par exemple, on dit que les fr\u00e9quences de 7 Hz et 70 Hz sont s\u00e9par\u00e9es d&rsquo;une d\u00e9cade. <\/p>\n<p><strong>D\u00e9flexion<\/strong><br \/>\nLa d\u00e9flexion est la distance \u00e0 laquelle un corps \u00e9lastique ou un ressort se d\u00e9place lorsqu&rsquo;il est soumis \u00e0 une force statique ou dynamique. Les unit\u00e9s typiques sont les pouces ou les mm. <\/p>\n<p><strong>D\u00e9placement<\/strong><br \/>\nLe d\u00e9placement est le changement de position d&rsquo;un corps, g\u00e9n\u00e9ralement mesur\u00e9 par rapport \u00e0 la position moyenne de repos. Les unit\u00e9s courantes sont les pouces (double amplitude) ou les mm (double amplitude). Le d\u00e9placement est li\u00e9 \u00e0 l&rsquo;acc\u00e9l\u00e9ration par la fr\u00e9quence.  <\/p>\n<p><strong>Elastom\u00e8re<\/strong><br \/>\nTerme g\u00e9n\u00e9rique qui englobe tous les types de caoutchouc, naturels ou synth\u00e9tiques. Il existe de nombreuses familles d&rsquo;\u00e9lastom\u00e8res. Le type d&rsquo;\u00e9lastom\u00e8re choisi pour une application d\u00e9pend de l&rsquo;environnement dans lequel l&rsquo;\u00e9lastom\u00e8re sera utilis\u00e9.  <\/p>\n<p><strong>Vibration forc\u00e9e<\/strong><br \/>\nLa vibration forc\u00e9e est la vibration r\u00e9sultant de l&rsquo;application d&rsquo;une force p\u00e9riodique externe.<\/p>\n<p><strong>Fondation (support)<\/strong><br \/>\nUne fondation est une structure qui supporte la charge de gravit\u00e9 d&rsquo;un syst\u00e8me m\u00e9canique.<\/p>\n<p><strong>Fragilit\u00e9<\/strong><br \/>\nLa fragilit\u00e9 est la quantit\u00e9 de chocs ou de vibrations qu&rsquo;une pi\u00e8ce d&rsquo;\u00e9quipement peut supporter. Les syst\u00e8mes d&rsquo;isolation sont con\u00e7us ou s\u00e9lectionn\u00e9s pour limiter la transmission des forces \u00e0 la fragilit\u00e9 indiqu\u00e9e. <\/p>\n<p><strong>Vibration libre<\/strong><br \/>\nLa vibration libre est le mouvement p\u00e9riodique qui se produit lorsqu&rsquo;un syst\u00e8me \u00e9lastique est d\u00e9plac\u00e9 de sa position d&rsquo;\u00e9quilibre.<\/p>\n<p><strong>Fr\u00e9quence<\/strong><br \/>\nLa fr\u00e9quence est le nombre de fois que le mouvement se r\u00e9p\u00e8te par unit\u00e9 de temps. (L&rsquo;unit\u00e9 de cycle par seconde est appel\u00e9e Hertz (Hz.)) <\/p>\n<p><strong>Isolation<\/strong><br \/>\nL&rsquo;isolation est une r\u00e9duction de la capacit\u00e9 d&rsquo;un syst\u00e8me \u00e0 r\u00e9pondre \u00e0 une excitation. Elle est obtenue par l&rsquo;utilisation d&rsquo;un \u00e9l\u00e9ment r\u00e9silient entre l&rsquo;\u00e9quipement et la surface de montage. <\/p>\n<p><strong>Masse<\/strong><br \/>\nPoids en livres divis\u00e9 par la constante gravitationnelle, (g=32.2ft\/sec2 ou 386 in\/sec2)<\/p>\n<p><strong>Fr\u00e9quence naturelle<\/strong><br \/>\nLa fr\u00e9quence naturelle est d\u00e9finie comme le nombre de cycles d&rsquo;oscillation qui se produisent au cours d&rsquo;une p\u00e9riode de temps lorsqu&rsquo;on le d\u00e9place de sa position normale et qu&rsquo;on le laisse vibrer librement.<\/p>\n<p><strong>Bande d&rsquo;octave<\/strong><br \/>\nUne octave est l&rsquo;intervalle entre deux fr\u00e9quences discr\u00e8tes ayant un rapport de fr\u00e9quence de deux. Par exemple, on dit que des fr\u00e9quences de 25 Hz et de 50 Hz sont s\u00e9par\u00e9es par une octave. <\/p>\n<p><strong>Mouvement p\u00e9riodique<\/strong><br \/>\nUn mouvement p\u00e9riodique est un mouvement qui se r\u00e9p\u00e8te \u00e0 des intervalles de temps d\u00e9finis.<\/p>\n<p><strong>Vibration al\u00e9atoire<\/strong><br \/>\nUne vibration al\u00e9atoire est une vibration dont l&rsquo;amplitude n&rsquo;est pas sp\u00e9cifi\u00e9e pour un instant donn\u00e9.<\/p>\n<p><strong>R\u00e9sonance<\/strong><br \/>\nLa r\u00e9sonance se produit lorsque la fr\u00e9quence d&rsquo;excitation est \u00e9gale \u00e0 la fr\u00e9quence naturelle du syst\u00e8me. Dans ce cas, l&rsquo;amplitude des vibrations augmente et n&rsquo;est limit\u00e9e que par la quantit\u00e9 d&rsquo;amortissement pr\u00e9sente dans le syst\u00e8me d&rsquo;isolation. <\/p>\n<p><strong>Fr\u00e9quence de r\u00e9sonance<\/strong><br \/>\nLa fr\u00e9quence de r\u00e9sonance est une fr\u00e9quence \u00e0 laquelle il y a r\u00e9sonance.<\/p>\n<p><strong>Choc<\/strong><br \/>\nLe choc est un \u00e9tat transitoire dans lequel l&rsquo;\u00e9quilibre d&rsquo;un syst\u00e8me est perturb\u00e9 par l&rsquo;application soudaine d&rsquo;une force ou d&rsquo;un incr\u00e9ment de force, ou par un changement soudain de la direction ou de la magnitude d&rsquo;un vecteur de vitesse.<\/p>\n<p>Absorbeur <strong>de chocs<\/strong><br \/>\nUn absorbeur de chocs est un dispositif qui dissipe de l&rsquo;\u00e9nergie pour modifier la r\u00e9ponse d&rsquo;un syst\u00e8me m\u00e9canique \u00e0 un choc appliqu\u00e9.<\/p>\n<p>Isolateur de chocs <strong>(montage)<\/strong><br \/>\nUn isolateur de chocs est un support r\u00e9silient qui tend \u00e0 isoler un syst\u00e8me des mouvements de chocs (excitation).<\/p>\n<p><strong>Impulsion de choc<\/strong><br \/>\nPerturbation primaire caract\u00e9ris\u00e9e par une augmentation et une diminution de l&rsquo;acc\u00e9l\u00e9ration en un temps relativement court. L&rsquo;impulsion de choc est g\u00e9n\u00e9ralement repr\u00e9sent\u00e9e par un trac\u00e9 de l&rsquo;acc\u00e9l\u00e9ration en fonction du temps. <\/p>\n<p><strong>Vibrations sinuso\u00efdales<\/strong><br \/>\nOscillations dans lesquelles le mouvement est p\u00e9riodique dans le temps sous la forme d&rsquo;une courbe sinuso\u00efdale. Les \u00e9quipements rotatifs g\u00e9n\u00e8rent des vibrations qui sont souvent consid\u00e9r\u00e9es comme sinuso\u00efdales. <\/p>\n<p><strong>Taux de ressort\/rigidit\u00e9<\/strong><br \/>\nLa force requise pour d\u00e9vier un isolateur d&rsquo;une distance unitaire. La rigidit\u00e9 est la pente d&rsquo;une courbe repr\u00e9sentant la force sur l&rsquo;axe Y et la d\u00e9viation sur l&rsquo;axe X. Les unit\u00e9s typiques sont les livres\/pouce. Les unit\u00e9s typiques sont les livres\/pouce.  <\/p>\n<p><strong>Vibration en r\u00e9gime permanent<\/strong><br \/>\nLa vibration en r\u00e9gime permanent existe dans un syst\u00e8me si l&rsquo;amplitude est une quantit\u00e9 p\u00e9riodique continue.<\/p>\n<p><strong>Amortissement structurel<\/strong><br \/>\nR\u00e9duit la vibration des surfaces r\u00e9sonnantes qui \u00e9mettent du bruit. L&rsquo;amortissement est r\u00e9alis\u00e9 en apposant un mat\u00e9riau directement sur la surface vibrante. Ce mat\u00e9riau convertit l&rsquo;\u00e9nergie m\u00e9canique des vibrations en une quantit\u00e9 minimale d&rsquo;\u00e9nergie thermique.  <\/p>\n<p><strong>Vibration transitoire<\/strong><br \/>\nLa vibration transitoire est une vibration temporairement soutenue d&rsquo;un syst\u00e8me m\u00e9canique. Elle peut consister en une vibration forc\u00e9e. <\/p>\n<p><strong>Transmissibilit\u00e9<\/strong><br \/>\nPourcentage de force ou de mouvement vibratoire transmis \u00e0 son support.<\/p>\n<p><strong>V\u00e9locit\u00e9<\/strong><br \/>\nLa v\u00e9locit\u00e9 est une quantit\u00e9 vectorielle qui sp\u00e9cifie le taux de variation temporelle du d\u00e9placement par rapport \u00e0 un temps de r\u00e9f\u00e9rence.<\/p>\n<p><strong>Vibration<\/strong><br \/>\nLa vibration est une force qui oscille autour d&rsquo;un point de r\u00e9f\u00e9rence sp\u00e9cifi\u00e9. La vibration est g\u00e9n\u00e9ralement exprim\u00e9e en termes de fr\u00e9quence, comme les cycles par seconde (cps), les hertz (Hz), les cycles par minute (cpm) ou (rpm) et les coups par minute (spm). Il s&rsquo;agit du nombre d&rsquo;oscillations qui se produisent au cours d&rsquo;une p\u00e9riode donn\u00e9e. L&rsquo;amplitude est la magnitude ou la distance parcourue par la force.   <\/p>\n<p><strong>Isolateur de vibrations<\/strong><br \/>\nSupport \u00e9lastique qui tend \u00e0 isoler un syst\u00e8me m\u00e9canique de l&rsquo;excitation en r\u00e9gime permanent.<\/p>\n<\/div>\n<\/div>\n<\/div>\n","protected":false},"excerpt":{"rendered":"<p>Glossaire &nbsp; Acc\u00e9l\u00e9ration L&rsquo;acc\u00e9l\u00e9ration est une quantit\u00e9 vectorielle qui sp\u00e9cifie le taux de variation temporelle de la vitesse. Amplitude L&rsquo;amplitude est la valeur maximale d&rsquo;une quantit\u00e9 sinuso\u00efdale (c&rsquo;est-\u00e0-dire l&rsquo;acc\u00e9l\u00e9ration, le d\u00e9placement). Centre de gravit\u00e9 Point d&rsquo;appui o\u00f9 un corps est en \u00e9quilibre. Amortissement L&rsquo;amortissement est la dissipation de l&rsquo;\u00e9nergie dans un syst\u00e8me oscillant. Il limite [&hellip;]<\/p>\n","protected":false},"author":1,"featured_media":0,"parent":0,"menu_order":14,"comment_status":"closed","ping_status":"closed","template":"","meta":{"_acf_changed":false,"content-type":"","footnotes":""},"class_list":["post-32182","page","type-page","status-publish","hentry"],"acf":[],"yoast_head":"<!-- This site is optimized with the Yoast SEO plugin v27.4 - https:\/\/yoast.com\/product\/yoast-seo-wordpress\/ -->\n<title>Glossaire | Fabreeka<\/title>\n<meta name=\"robots\" content=\"index, follow, max-snippet:-1, max-image-preview:large, max-video-preview:-1\" \/>\n<link rel=\"canonical\" href=\"https:\/\/www.fabreeka.com\/fr\/glossaire\/\" \/>\n<meta property=\"og:locale\" content=\"fr_FR\" \/>\n<meta property=\"og:type\" content=\"article\" \/>\n<meta property=\"og:title\" content=\"Glossaire | Fabreeka\" \/>\n<meta property=\"og:description\" content=\"Glossaire &nbsp; Acc\u00e9l\u00e9ration L&rsquo;acc\u00e9l\u00e9ration est une quantit\u00e9 vectorielle qui sp\u00e9cifie le taux de variation temporelle de la vitesse. Amplitude L&rsquo;amplitude est la valeur maximale d&rsquo;une quantit\u00e9 sinuso\u00efdale (c&rsquo;est-\u00e0-dire l&rsquo;acc\u00e9l\u00e9ration, le d\u00e9placement). Centre de gravit\u00e9 Point d&rsquo;appui o\u00f9 un corps est en \u00e9quilibre. Amortissement L&rsquo;amortissement est la dissipation de l&rsquo;\u00e9nergie dans un syst\u00e8me oscillant. Il limite [&hellip;]\" \/>\n<meta property=\"og:url\" content=\"https:\/\/www.fabreeka.com\/fr\/glossaire\/\" \/>\n<meta property=\"og:site_name\" content=\"Fabreeka\" \/>\n<meta property=\"article:publisher\" content=\"https:\/\/www.facebook.com\/FabreekaIntl\/\" \/>\n<meta property=\"og:image\" content=\"https:\/\/www.fabreeka.com\/wp-content\/uploads\/2025\/08\/fabreeka-site-image.png\" \/>\n\t<meta property=\"og:image:width\" content=\"1537\" \/>\n\t<meta property=\"og:image:height\" content=\"788\" \/>\n\t<meta property=\"og:image:type\" content=\"image\/png\" \/>\n<meta name=\"twitter:card\" content=\"summary_large_image\" \/>\n<meta name=\"twitter:site\" content=\"@FabreekaIntl\" \/>\n<meta name=\"twitter:label1\" content=\"Dur\u00e9e de lecture estim\u00e9e\" \/>\n\t<meta name=\"twitter:data1\" content=\"5 minutes\" \/>\n<script type=\"application\/ld+json\" class=\"yoast-schema-graph\">{\"@context\":\"https:\\\/\\\/schema.org\",\"@graph\":[{\"@type\":\"WebPage\",\"@id\":\"https:\\\/\\\/www.fabreeka.com\\\/fr\\\/glossaire\\\/\",\"url\":\"https:\\\/\\\/www.fabreeka.com\\\/fr\\\/glossaire\\\/\",\"name\":\"Glossaire | Fabreeka\",\"isPartOf\":{\"@id\":\"https:\\\/\\\/www.fabreeka.com\\\/#website\"},\"datePublished\":\"2025-08-13T18:15:51+00:00\",\"breadcrumb\":{\"@id\":\"https:\\\/\\\/www.fabreeka.com\\\/fr\\\/glossaire\\\/#breadcrumb\"},\"inLanguage\":\"fr-FR\",\"potentialAction\":[{\"@type\":\"ReadAction\",\"target\":[\"https:\\\/\\\/www.fabreeka.com\\\/fr\\\/glossaire\\\/\"]}]},{\"@type\":\"BreadcrumbList\",\"@id\":\"https:\\\/\\\/www.fabreeka.com\\\/fr\\\/glossaire\\\/#breadcrumb\",\"itemListElement\":[{\"@type\":\"ListItem\",\"position\":1,\"name\":\"Home\",\"item\":\"https:\\\/\\\/www.fabreeka.com\\\/fr\\\/\"},{\"@type\":\"ListItem\",\"position\":2,\"name\":\"Glossaire\"}]},{\"@type\":\"WebSite\",\"@id\":\"https:\\\/\\\/www.fabreeka.com\\\/#website\",\"url\":\"https:\\\/\\\/www.fabreeka.com\\\/\",\"name\":\"Fabreeka\",\"description\":\"Thermal Break, Vibration &amp; Shock Control Solutions\",\"publisher\":{\"@id\":\"https:\\\/\\\/www.fabreeka.com\\\/#organization\"},\"potentialAction\":[{\"@type\":\"SearchAction\",\"target\":{\"@type\":\"EntryPoint\",\"urlTemplate\":\"https:\\\/\\\/www.fabreeka.com\\\/?s={search_term_string}\"},\"query-input\":{\"@type\":\"PropertyValueSpecification\",\"valueRequired\":true,\"valueName\":\"search_term_string\"}}],\"inLanguage\":\"fr-FR\"},{\"@type\":\"Organization\",\"@id\":\"https:\\\/\\\/www.fabreeka.com\\\/#organization\",\"name\":\"Fabreeka\",\"url\":\"https:\\\/\\\/www.fabreeka.com\\\/\",\"logo\":{\"@type\":\"ImageObject\",\"inLanguage\":\"fr-FR\",\"@id\":\"https:\\\/\\\/www.fabreeka.com\\\/#\\\/schema\\\/logo\\\/image\\\/\",\"url\":\"https:\\\/\\\/www.fabreeka.com\\\/wp-content\\\/uploads\\\/2025\\\/08\\\/footer-logo.svg\",\"contentUrl\":\"https:\\\/\\\/www.fabreeka.com\\\/wp-content\\\/uploads\\\/2025\\\/08\\\/footer-logo.svg\",\"width\":1,\"height\":1,\"caption\":\"Fabreeka\"},\"image\":{\"@id\":\"https:\\\/\\\/www.fabreeka.com\\\/#\\\/schema\\\/logo\\\/image\\\/\"},\"sameAs\":[\"https:\\\/\\\/www.facebook.com\\\/FabreekaIntl\\\/\",\"https:\\\/\\\/x.com\\\/FabreekaIntl\",\"https:\\\/\\\/www.linkedin.com\\\/company\\\/fabreeka-international-inc\\\/\",\"https:\\\/\\\/www.youtube.com\\\/channel\\\/UCCYraLVoPnVlX0Eg5b5EHtA\",\"https:\\\/\\\/www.instagram.com\\\/fabreeka_international_inc\"]}]}<\/script>\n<!-- \/ Yoast SEO plugin. -->","yoast_head_json":{"title":"Glossaire | Fabreeka","robots":{"index":"index","follow":"follow","max-snippet":"max-snippet:-1","max-image-preview":"max-image-preview:large","max-video-preview":"max-video-preview:-1"},"canonical":"https:\/\/www.fabreeka.com\/fr\/glossaire\/","og_locale":"fr_FR","og_type":"article","og_title":"Glossaire | Fabreeka","og_description":"Glossaire &nbsp; Acc\u00e9l\u00e9ration L&rsquo;acc\u00e9l\u00e9ration est une quantit\u00e9 vectorielle qui sp\u00e9cifie le taux de variation temporelle de la vitesse. Amplitude L&rsquo;amplitude est la valeur maximale d&rsquo;une quantit\u00e9 sinuso\u00efdale (c&rsquo;est-\u00e0-dire l&rsquo;acc\u00e9l\u00e9ration, le d\u00e9placement). Centre de gravit\u00e9 Point d&rsquo;appui o\u00f9 un corps est en \u00e9quilibre. Amortissement L&rsquo;amortissement est la dissipation de l&rsquo;\u00e9nergie dans un syst\u00e8me oscillant. Il limite [&hellip;]","og_url":"https:\/\/www.fabreeka.com\/fr\/glossaire\/","og_site_name":"Fabreeka","article_publisher":"https:\/\/www.facebook.com\/FabreekaIntl\/","og_image":[{"width":1537,"height":788,"url":"https:\/\/www.fabreeka.com\/wp-content\/uploads\/2025\/08\/fabreeka-site-image.png","type":"image\/png"}],"twitter_card":"summary_large_image","twitter_site":"@FabreekaIntl","twitter_misc":{"Dur\u00e9e de lecture estim\u00e9e":"5 minutes"},"schema":{"@context":"https:\/\/schema.org","@graph":[{"@type":"WebPage","@id":"https:\/\/www.fabreeka.com\/fr\/glossaire\/","url":"https:\/\/www.fabreeka.com\/fr\/glossaire\/","name":"Glossaire | Fabreeka","isPartOf":{"@id":"https:\/\/www.fabreeka.com\/#website"},"datePublished":"2025-08-13T18:15:51+00:00","breadcrumb":{"@id":"https:\/\/www.fabreeka.com\/fr\/glossaire\/#breadcrumb"},"inLanguage":"fr-FR","potentialAction":[{"@type":"ReadAction","target":["https:\/\/www.fabreeka.com\/fr\/glossaire\/"]}]},{"@type":"BreadcrumbList","@id":"https:\/\/www.fabreeka.com\/fr\/glossaire\/#breadcrumb","itemListElement":[{"@type":"ListItem","position":1,"name":"Home","item":"https:\/\/www.fabreeka.com\/fr\/"},{"@type":"ListItem","position":2,"name":"Glossaire"}]},{"@type":"WebSite","@id":"https:\/\/www.fabreeka.com\/#website","url":"https:\/\/www.fabreeka.com\/","name":"Fabreeka","description":"Thermal Break, Vibration &amp; Shock Control Solutions","publisher":{"@id":"https:\/\/www.fabreeka.com\/#organization"},"potentialAction":[{"@type":"SearchAction","target":{"@type":"EntryPoint","urlTemplate":"https:\/\/www.fabreeka.com\/?s={search_term_string}"},"query-input":{"@type":"PropertyValueSpecification","valueRequired":true,"valueName":"search_term_string"}}],"inLanguage":"fr-FR"},{"@type":"Organization","@id":"https:\/\/www.fabreeka.com\/#organization","name":"Fabreeka","url":"https:\/\/www.fabreeka.com\/","logo":{"@type":"ImageObject","inLanguage":"fr-FR","@id":"https:\/\/www.fabreeka.com\/#\/schema\/logo\/image\/","url":"https:\/\/www.fabreeka.com\/wp-content\/uploads\/2025\/08\/footer-logo.svg","contentUrl":"https:\/\/www.fabreeka.com\/wp-content\/uploads\/2025\/08\/footer-logo.svg","width":1,"height":1,"caption":"Fabreeka"},"image":{"@id":"https:\/\/www.fabreeka.com\/#\/schema\/logo\/image\/"},"sameAs":["https:\/\/www.facebook.com\/FabreekaIntl\/","https:\/\/x.com\/FabreekaIntl","https:\/\/www.linkedin.com\/company\/fabreeka-international-inc\/","https:\/\/www.youtube.com\/channel\/UCCYraLVoPnVlX0Eg5b5EHtA","https:\/\/www.instagram.com\/fabreeka_international_inc"]}]}},"_links":{"self":[{"href":"https:\/\/www.fabreeka.com\/fr\/wp-json\/wp\/v2\/pages\/32182","targetHints":{"allow":["GET"]}}],"collection":[{"href":"https:\/\/www.fabreeka.com\/fr\/wp-json\/wp\/v2\/pages"}],"about":[{"href":"https:\/\/www.fabreeka.com\/fr\/wp-json\/wp\/v2\/types\/page"}],"author":[{"embeddable":true,"href":"https:\/\/www.fabreeka.com\/fr\/wp-json\/wp\/v2\/users\/1"}],"replies":[{"embeddable":true,"href":"https:\/\/www.fabreeka.com\/fr\/wp-json\/wp\/v2\/comments?post=32182"}],"version-history":[{"count":0,"href":"https:\/\/www.fabreeka.com\/fr\/wp-json\/wp\/v2\/pages\/32182\/revisions"}],"wp:attachment":[{"href":"https:\/\/www.fabreeka.com\/fr\/wp-json\/wp\/v2\/media?parent=32182"}],"curies":[{"name":"wp","href":"https:\/\/api.w.org\/{rel}","templated":true}]}}