{"id":12062,"date":"2025-08-08T12:06:32","date_gmt":"2025-08-08T16:06:32","guid":{"rendered":"https:\/\/fabreeka.com\/?page_id=12062"},"modified":"2025-08-15T08:31:02","modified_gmt":"2025-08-15T08:31:02","slug":"privacy-policy","status":"publish","type":"page","link":"https:\/\/www.fabreeka.com\/de\/privacy-policy\/","title":{"rendered":"Datenschutzerkl\u00e4rung"},"content":{"rendered":"<h1>Datenschutzerkl\u00e4rung<\/h1>\n<ol>\n<li><strong>Grunds\u00e4tzliche Angaben zur Datenverarbeitung<\/strong><\/li>\n<\/ol>\n<p>Wir m\u00f6chten Sie in dieser Datenschutzerkl\u00e4rung \u00fcber die Art, den Umfang und den Zweck der Verarbeitung von personenbezogenen Daten beim Besuch unserer Website und \u00fcber Ihre diesbez\u00fcglichen Rechte informieren.<\/p>\n<p>Bei den verwendeten Begrifflichkeiten verweisen wir auf die Definitionen in Art. 4 der Datenschutzgrundverordnung (<em>DSGVO<\/em>).<\/p>\n<p><em>Personenbezogene Daten<\/em>\u00a0sind alle Informationen, die sich auf eine identifizierte oder identifizierbare nat\u00fcrliche Person beziehen. Hierzu z\u00e4hlen z.B. Ihr Name, Ihre Adress- und Kommunikationsdaten sowie Ihre E-Mailadresse.<\/p>\n<p><em>Verarbeiten<\/em>\u00a0meint jeden mit oder ohne Hilfe automatisierter Verfahren ausgef\u00fchrten Vorgang oder jede solche Vorgangsreihe im Zusammenhang mit personenbezogenen Daten wie das Erheben, das Erfassen, die Organisation, das Ordnen, die Speicherung, die Anpassung oder Ver\u00e4nderung, das Auslesen, das Abfragen, die Verwendung, die Offenlegung durch \u00dcbermittlung, Verbreitung oder eine andere Form der Bereitstellung, den Abgleich oder die Verkn\u00fcpfung, die Einschr\u00e4nkung, das L\u00f6schen oder die Vernichtung.<\/p>\n<p><em>Betroffene Person<\/em>\u00a0ist jede identifizierte oder identifizierbare nat\u00fcrliche Person, deren personenbezogene Daten von dem f\u00fcr die Verarbeitung Verantwortlichen verarbeitet werden.<\/p>\n<p><em>Verantwortlicher\u00a0<\/em>oder\u00a0<em>f\u00fcr die Verarbeitung Verantwortlicher<\/em>\u00a0ist die nat\u00fcrliche oder juristische Person, Beh\u00f6rde, Einrichtung oder andere Stelle, die allein oder gemeinsam mit anderen \u00fcber die Zwecke und Mittel der Verarbeitung von personenbezogenen Daten entscheidet.<\/p>\n<ol start=\"2\">\n<li><strong>Name und Anschrift des Verantwortlichen\u00a0<\/strong><\/li>\n<\/ol>\n<p>Fabreeka GmbH Deutschland<\/p>\n<p>Tel.:\u00a0<span class=\"baec5a81-e4d6-4674-97f3-e9220f0136c1\">+49-6152-9597-0<\/span><br \/>\nE-Mail: info@fabreeka.com<\/p>\n<p>Vertreter des Verantwortlichen sind die Gesch\u00e4ftsf\u00fchrer Mark Wilhelms und Dr. Peter Kremer.<\/p>\n<ol start=\"3\">\n<li><strong>Datenschutzbeauftragter<\/strong><\/li>\n<\/ol>\n<p>Die Stabilus GmbH hat einen Datenschutzbeauftragten bestellt. Sie erreichen ihn unter der E-Mailadresse\u00a0<a href=\"mailto:info@fabreeka.com\">info@fabreeka.com<\/a>\u00a0oder \u00fcber unsere Postadresse mit dem Zusatz \u201eder Datenschutzbeauftragte\u201c kontaktieren<\/p>\n<p><strong>4. Verarbeitung personenbezogener Daten<\/strong><\/p>\n<p><strong>4.1. Besuch unserer Website<\/strong><\/p>\n<p><strong>4.1.1. Umfang der Datenverarbeitung<\/strong><\/p>\n<p>Wenn Sie unsere Website besuchen, \u00fcbertr\u00e4gt Ihr Browser in Falle von Fehlern aus technischen Gr\u00fcnden eine Fehlermeldung (Fehlerprotokoll, error.log) an unseren Webserver. Dabei handelt es sich um folgende Daten:<\/p>\n<ul>\n<li>IP-Adresse<\/li>\n<li>Datum und Uhrzeit der Fehlermeldung<\/li>\n<li>FehlermeldungDie Verarbeitung dieser Daten ist notwendig, um den Fehler nachvollziehen und Abstellma\u00dfnahmen ergreifen zu k\u00f6nnen. Diese Daten erheben wir auf Grundlage unseres berechtigten Interesses im Sinne des Art. 6 Abs. 1 lit. f) DSGVO, um Fehler korrigieren zu k\u00f6nnen und um die Sicherheit der Website zu gew\u00e4hrleisten. Informationen der Fehlermeldungen werden f\u00fcr die Dauer von maximal sieben Tagen gespeichert und danach gel\u00f6scht. Daten, deren weitere Aufbewahrung zur weiteren Bearbeitung der Fehlermeldung erforderlich ist, sind bis zur endg\u00fcltigen Kl\u00e4rung des jeweiligen Vorfalls von der L\u00f6schung ausgenommen. Die Erfassung der Daten zur Fehlerbehebung und ihre Speicherung in Logfiles ist f\u00fcr den Betrieb und die Sicherheit der Website aus technischen Gr\u00fcnden zwingend erforderlich. Es besteht folglich seitens des Nutzers keine Widerspruchsm\u00f6glichkeit.<\/li>\n<\/ul>\n<p><strong>4.2.1.<\/strong>\u00a0Umfang der Datenverarbeitung Wenn Sie diese M\u00f6glichkeit nutzen, werden die in der Eingabemaske eingegeben Daten an uns \u00fcbermittelt und gespeichert. Es erfolgt in diesem Zusammenhang keine Weitergabe der Daten an Dritte. Die Daten werden ausschlie\u00dflich f\u00fcr die Verarbeitung der Konversation und zur Bearbeitung Ihres Anliegens verwendet. Die Verarbeitung der personenbezogenen Daten aus den Eingabemasken bzw. der E-Mailadresse dient uns allein zur Bearbeitung der Kontaktaufnahme bzw. Ihrer Anfrage. Hierin liegt auch das berechtigte Interesse an der Verarbeitung der Daten. Bei der Kontaktaufnahme mit uns (per Kontaktformular oder E-Mail) werden die Angaben des Nutzers zur Bearbeitung der Kontaktanfrage und deren Abwicklung gem. Art. 6 Abs. 1 lit. b) bzw. f) DSGVO verarbeitet.<\/p>\n<p><strong>4.2.4.<\/strong>\u00a0Dauer der Speicherung<\/p>\n<p><strong>4.2.5.<\/strong>\u00a0Widerspruchs- und Beseitigungsm\u00f6glichkeit; Widerrufsrecht<\/p>\n<p><strong>4.4. Cookies<\/strong><\/p>\n<p>Unsere Website verwendet Cookies. Cookies sind kleine Textdateien, die beim Aufruf unserer Webseite auf Ihrem Rechner gespeichert werden. Cookies richten auf Ihrem Computer keinen Schaden an und enthalten keine Schadsoftware wie z.B. Viren. Cookies enthalten eine charakteristische Zeichenfolge, die eine eindeutige Identifizierung des Browsers beim erneuten Aufrufen der Website erm\u00f6glicht. Einige Elemente unserer Website erfordern es, dass der aufrufende Browser auch nach einem Seitenwechsel identifiziert werden kann. Diese Website nutzt transiente und persistente Cookies.<\/p>\n<p><strong>4.4.1.<\/strong>\u00a0Umfang der Datenverarbeitung<\/p>\n<ul>\n<li>Der Nutzer hat jederzeit die M\u00f6glichkeit, seine Einwilligung zur Verarbeitung der personenbezogenen Daten zu widerrufen. Nimmt der Nutzer per E-Mail Kontakt mit uns auf, so kann er der Speicherung seiner personenbezogenen Daten jederzeit widersprechen. In einem solchen Fall kann die Konversation nicht fortgef\u00fchrt werden. Wenn Sie sich von unserem Newsletter abmelden, werden Sie keine weiteren Newsletter mehr von uns erhalten. Einen Widerruf richten Sie bitte an\u00a0<a href=\"mailto:info@fabreeka.com\">info@fabreeka.com<\/a>. Alle personenbezogenen Daten, die im Zuge der Kontaktaufnahme gespeichert wurden, werden in diesem Fall gel\u00f6scht.<\/li>\n<li>Die Daten werden gel\u00f6scht, sobald sie f\u00fcr die Erreichung des Zweckes ihrer Erhebung nicht mehr erforderlich sind. F\u00fcr die personenbezogenen Daten aus der Eingabemaske des Kontaktformulars und diejenigen, die per E-Mail \u00fcbersandt wurden, ist dies dann der Fall, wenn die jeweilige Konversation mit dem Nutzer beendet ist. Beendet ist die Konversation dann, wenn sich aus den Umst\u00e4nden entnehmen l\u00e4sst, dass der betroffene Sachverhalt abschlie\u00dfend gekl\u00e4rt ist. Die personenbezogenen Daten aus der Anmeldung zum IR-Newsletter sind nicht mehr erforderlich und werden gel\u00f6scht, sobald Sie sich von unserem IR-Newsletter abmelden.<\/li>\n<\/ul>\n<p><strong>4.2.3.<\/strong>\u00a0Rechtsgrundlage der Verarbeitung<\/p>\n<p><strong>4.2.2.<\/strong>\u00a0Zweck der Datenverarbeitung<\/p>\n<ul>\n<li>Au\u00dferdem ist eine Kontaktaufnahme \u00fcber die E-Mailadresse\u00a0<a href=\"mailto:info@fabreeka.com\">info@fabreeka.com<\/a>\u00a0m\u00f6glich. In diesem Fall werden die mit der E-Mail \u00fcbermittelten personenbezogenen Daten des Nutzers gespeichert.<\/li>\n<li>Auf unserer Website ist unter \u201eKontakt\u201c ein Formular vorhanden, mit dem Sie Anfragen stellen k\u00f6nnen.<\/li>\n<\/ul>\n<p><strong>4.2. Kontaktformular, Newsletter und E-Mail-Kontakt<\/strong><\/p>\n<p><strong>4.1.5. Widerspruchs- und Beseitigungsm\u00f6glichkeit<\/strong><\/p>\n<p><strong>4.1.4. Dauer der Speicherung<\/strong><\/p>\n<p><strong>4.1.3. Rechtsgrundlage der Verarbeitung<\/strong><\/p>\n<p><strong>4.1.2. Zweck der Datenverarbeitung<\/strong><\/p>\n<ul>\n<li>Transiente Cookies werden automatisch gel\u00f6scht, wenn Sie den Browser schlie\u00dfen. Dazu z\u00e4hlen insbesondere sogenannte Session-Cookies. Diese speichern eine sogenannte Session-ID, mit der sich verschiedene Anfragen Ihres Browsers der gemeinsamen Sitzung zuordnen lassen. Wenn Sie auf unsere Website zur\u00fcckkehren, kann Ihr Rechner wiedererkannt werden. Die Session-Cookies werden gel\u00f6scht, wenn Sie sich ausloggen bzw. den Browser schlie\u00dfen.<\/li>\n<li>Persistente Cookies werden automatisiert nach einer vorgegebenen Dauer gel\u00f6scht, die sich je nach Cookie unterscheiden kann. Sie k\u00f6nnen die Cookies in den Sicherheitseinstellungen Ihres Browsers jederzeit l\u00f6schen.<\/li>\n<\/ul>\n<p><strong>4.4.2. Zweck der Datenverarbeitung<\/strong><\/p>\n<p>Wir verwenden Cookies, um unsere Website attraktiv und nutzerfreundlich zu gestalten, sie zu verbessern und Anfragen zu beschleunigen.<\/p>\n<p>Einige Elemente unserer Internetseite erfordern es, dass der aufrufende Browser auch nach einem Seitenwechsel identifiziert werden kann. F\u00fcr diese ist es erforderlich, dass der Browser auch nach einem Seitenwechsel wiedererkannt wird. Hierzu z\u00e4hlen z.B. Log-In-Informationen und Warenkorbfunktionalit\u00e4ten.<\/p>\n<p><strong>4.4.3. Rechtsgrundlage der Datenverarbeitung<\/strong><\/p>\n<p>Die Rechtsgrundlage f\u00fcr die Verarbeitung personenbezogener Daten unter Verwendung der technisch notwendigen Cookies ist Art. 6 Abs. 1 lit. f) DSGVO.<\/p>\n<p><strong>4.4.4. Dauer der Speicherung<\/strong><\/p>\n<p>Session-Cookies werden gel\u00f6scht, sobald der Browser geschlossen wird.<\/p>\n<p>Persistente Cookies werden automatisiert nach einer vorgegebenen Dauer gel\u00f6scht.<\/p>\n<p><strong>4.4.5.<\/strong>\u00a0Widerspruchs- und Beseitigungsm\u00f6glichkeit<\/p>\n<p>Sie haben als Nutzer die volle Kontrolle \u00fcber die Verwendung von Cookies. Durch eine \u00c4nderung der Einstellungen in Ihrem Internetbrowser k\u00f6nnen Sie diesen so einstellen, dass Cookies gar nicht gespeichert oder am Ende Ihrer Internetsitzung automatisch gel\u00f6scht werden. Hierzu w\u00e4hlen sie in den Einstellungen Ihres Browsers \u201ekeine Cookies akzeptieren\u201c. Im Microsoft Internet-Explorer w\u00e4hlen Sie hierzu\u00a0 \u201eExtras &gt; Internetoptionen &gt; Datenschutz &gt; Einstellung\u201c; In Fire-fox w\u00e4hlen Sie \u201eExtras &gt; Einstellungen &gt; Datenschutz &gt; Cookies\u201c. Wenn Sie einen anderen Internet-Browser verwenden, dann entnehmen Sie bitte der Hilfefunktion des Browser die Anweisungen bez\u00fcglich der Verhinderung sowie L\u00f6schung von Cookies.<\/p>\n<p>Bitte beachten Sie dabei aber, dass Sie in diesem Fall gegebenenfalls nicht s\u00e4mtliche Funktionen unserer Webseite nutzen k\u00f6nnen.<\/p>\n<ol start=\"5\">\n<li><strong>Datensicherheit<\/strong><\/li>\n<\/ol>\n<p>Wir treffen technische, vertragliche und organisatorische Ma\u00dfnahmen zur Sicherheit der Datenverarbeitung entsprechend dem Stand der Technik. Damit stellen wir sicher, dass die Vorschriften der Datenschutzgesetze, insbesondere der DSGVO, eingehalten werden und die durch uns verarbeiteten Daten gegen Vernichtung, Verlust, Ver\u00e4nderung und unberechtigte Zugriffe gesch\u00fctzt sind. Zu diesen Sicherheitsma\u00dfnahmen z\u00e4hlt auch die verschl\u00fcsselte \u00dcbertragung von Daten zwischen Ihrem Browser und unseren Servern. Bitte beachten Sie, dass die SSL-Verschl\u00fcsselung bei \u00fcber das Internet ausgef\u00fchrten \u00dcbertragungen nur dann aktiviert ist, wenn das Schl\u00fcsselsymbol in der unteren Men\u00fcleiste Ihres Browserfensters erscheint und die Adresse mit https:\/\/ beginnt. Durch SSL (Secure Socket Layer) wird die Daten\u00fcbertragung mit einer Verschl\u00fcsselungstechnologie vor illegalem Datenzugriff Dritter gesch\u00fctzt. Sollte diese Option nicht zur Verf\u00fcgung stehen, k\u00f6nnen Sie sich auch daf\u00fcr entscheiden, bestimmte Daten nicht \u00fcber das Internet zu versenden.<\/p>\n<p>Alle Informationen, die Sie an uns \u00fcbermitteln, werden auf unseren Servern in der Bundesrepublik Deutschland gespeichert und verarbeitet.<\/p>\n<ol start=\"6\">\n<li><strong>Weitergabe von Daten an Dritte und Drittanbieter<\/strong><\/li>\n<\/ol>\n<p>Eine Weitergabe von Daten an Dritte erfolgt nur im Rahmen der gesetzlichen Vorgaben. Wir geben die Daten der Nutzer an Dritte nur dann weiter, wenn dies auf Grundlage des Art. 6 Abs. 1 lit. b) DSGVO f\u00fcr Vertragszwecke erforderlich ist, wenn dies zur Wahrung berechtigter Interessen gem. Art. 6 Abs. 1 lit. f) DSGVO an wirtschaftlichem und effektivem Betrieb unseres Gesch\u00e4ftsbetriebes erforderlich ist oder ein anderer Rechtfertigungsgrund nach Art. 6 DSGVO vorliegt.<\/p>\n<p>Wir setzen im Rahmen einer Auftragsverarbeitung gem. Art. 28 DSGVO Subunternehmer f\u00fcr die Erbringung unserer Leistungen, insbesondere f\u00fcr den Betrieb, die Wartung und das Hosting von IT-Systemen ein. Wir haben geeignete rechtliche Vorkehrungen sowie entsprechende technische und organisatorische Ma\u00dfnahmen getroffen, um f\u00fcr den Schutz der personenbezogenen Daten gem\u00e4\u00df den einschl\u00e4gigen gesetzlichen Vorschriften zu sorgen.<\/p>\n<ol start=\"7\">\n<li><strong>Externe Dienste einschl. Einbindung sozialer Netzwerke und Inhalte Dritter auf unserer Website<\/strong><\/li>\n<\/ol>\n<p>Wir binden externe Dienste oder Inhalte auf unserer Website ein. Au\u00dferdem haben wir Plugins (Schaltfl\u00e4chen) verschiedener sozialer Netzwerke eingebunden, damit Sie die interaktiven M\u00f6glichkeiten der sozialen Netzwerke verwenden k\u00f6nnen. Dies erfolgt auf Grundlage unserer berechtigten Interessen an der Analyse, Optimierung und wirtschaftlichen Betrieb unsers Onlineangebots im Sinne des Art. 6 Abs. 1 lit. f) DSGVO.<\/p>\n<p>Bei Verwendung eines solchen Dienstes, der Anzeige Inhalte Dritter und dem Anklicken der Schaltfl\u00e4chen sozialer Netzwerke werden aus technischen Gr\u00fcnden Kommunikationsdaten wie z.B. Datum, Uhrzeit und IP-Adresse zwischen Ihnen und dem jeweiligen Anbieter ausgetauscht. Hierbei handelt es sich insbesondere um Ihre IP-Adresse, die f\u00fcr die Darstellung von Inhalten in Ihrem Browser erforderlich ist. Beim Anklicken einer Schaltfl\u00e4che von sozialen Netzwerken ist zu beachten, dass die sozialen Netzwerke Ihren Besuch Ihrem Benutzerkonto zuordnen k\u00f6nnen, falls Sie zu dieser Zeit im Account des jeweiligen sozialen Netzwerks eingeloggt sind. Stabilus erh\u00e4lt keine Information von der Daten\u00fcbermittlung oder \u00fcber die Nutzung durch die sozialen Netzwerke.<\/p>\n<p>Es kann sein, dass der Anbieter Ihre Daten f\u00fcr weitere, eigene Zwecke verarbeitet. Da wir aber keinen Einfluss auf die von Dritten erhobenen Daten und deren Verarbeitung durch diese haben, k\u00f6nnen wir zu Zweck und Umfang der Verarbeitung Ihrer Daten keine verbindlichen Angaben machen.<\/p>\n<p>Weitere Informationen \u00fcber Zweck und Umfang der Erhebung und Verarbeitung Ihrer Daten entnehmen Sie daher bitte den Datenschutzhinweisen der jeweils datenschutzrechtlich verantwortlichen Anbieter der von uns eingebundenen Dienste bzw. Inhalte.<\/p>\n<p>Die nachfolgende Aufz\u00e4hlung bietet eine \u00dcbersicht von Drittanbietern sowie ihrer Inhalte und Links zu deren Datenschutzerkl\u00e4rungen, die weitere Hinweise zur Verarbeitung von Daten und Widerspruchsm\u00f6glichkeiten enthalten.<\/p>\n<ul>\n<li>Youtube:\u00a0<a href=\"https:\/\/www.google.com\/policies\/privacy\">https:\/\/www.google.com\/policies\/privacy<\/a><\/li>\n<li>Xing:\u00a0<a href=\"https:\/\/www.xing.com\/privacy\">https:\/\/www.xing.com\/privacy<\/a><\/li>\n<li>Facebook:\u00a0<a href=\"https:\/\/www.facebook.com\/policy.php\">https:\/\/www.facebook.com\/policy.php<\/a><\/li>\n<\/ul>\n<ol start=\"8\">\n<li><strong>Ihre Rechte<\/strong><\/li>\n<\/ol>\n<p>Wenn wir personenbezogene Daten von Ihnen verarbeiten, sind Sie Betroffener i.S.d. Datenschutzgrundverordnung und es stehen Ihnen folgende Rechte hinsichtlich der Sie betreffenden personenbezogenen Daten zu:<\/p>\n<ul>\n<li>Recht auf Auskunft (Art. 15 DSGVO)<\/li>\n<li>Recht auf Berichtigung (Art. 16 DSGVO)<\/li>\n<li>Recht auf L\u00f6schung (Art. 17 DSGVO)<\/li>\n<li>Recht auf Einschr\u00e4nkung der Verarbeitung (Art. 18 DSGVO)<\/li>\n<li>Recht auf Daten\u00fcbertragbarkeit (Art. 20 DSGVO)<\/li>\n<li>Recht auf Widerspruch gegen die Verarbeitung (Art. 21 DSGVO)<\/li>\n<li>Recht, sich bei einer Datenschutz-Aufsichtsbeh\u00f6rde zu beschweren (Art. 77 DSGVO)<\/li>\n<\/ul>\n<ol start=\"9\">\n<li><strong>\u00c4nderungen der Datenschutzerkl\u00e4rung<\/strong><\/li>\n<\/ol>\n<p>Wir behalten uns vor, die Datenschutzerkl\u00e4rung zu \u00e4ndern, um sie an eine ge\u00e4nderte Rechtslage oder bei \u00c4nderungen des Dienstes oder der Datenverarbeitung anzupassen. Bitte informieren Sie sich daher regelm\u00e4\u00dfig \u00fcber den Inhalt der Datenschutzerkl\u00e4rung.<\/p>\n<div id=\"gtx-trans\" style=\"position: absolute; left: 92px; top: 532px;\">\n<div class=\"gtx-trans-icon\"><\/div>\n<\/div>\n","protected":false},"excerpt":{"rendered":"<p>Datenschutzerkl\u00e4rung Grunds\u00e4tzliche Angaben zur Datenverarbeitung Wir m\u00f6chten Sie in dieser Datenschutzerkl\u00e4rung \u00fcber die Art, den Umfang und den Zweck der Verarbeitung von personenbezogenen Daten beim Besuch unserer Website und \u00fcber Ihre diesbez\u00fcglichen Rechte informieren. Bei den verwendeten Begrifflichkeiten verweisen wir auf die Definitionen in Art. 4 der Datenschutzgrundverordnung (DSGVO). Personenbezogene Daten\u00a0sind alle Informationen, die sich [&hellip;]<\/p>\n","protected":false},"author":1,"featured_media":0,"parent":0,"menu_order":68,"comment_status":"closed","ping_status":"closed","template":"","meta":{"_acf_changed":false,"content-type":"","footnotes":""},"class_list":["post-12062","page","type-page","status-publish","hentry"],"acf":[],"yoast_head":"<!-- This site is optimized with the Yoast SEO plugin v27.4 - https:\/\/yoast.com\/product\/yoast-seo-wordpress\/ -->\n<title>Datenschutzerkl\u00e4rung | Fabreeka<\/title>\n<meta name=\"robots\" content=\"index, follow, max-snippet:-1, max-image-preview:large, max-video-preview:-1\" \/>\n<link rel=\"canonical\" href=\"https:\/\/www.fabreeka.com\/de\/privacy-policy\/\" \/>\n<meta property=\"og:locale\" content=\"de_DE\" \/>\n<meta property=\"og:type\" content=\"article\" \/>\n<meta property=\"og:title\" content=\"Datenschutzerkl\u00e4rung | Fabreeka\" \/>\n<meta property=\"og:description\" content=\"Datenschutzerkl\u00e4rung Grunds\u00e4tzliche Angaben zur Datenverarbeitung Wir m\u00f6chten Sie in dieser Datenschutzerkl\u00e4rung \u00fcber die Art, den Umfang und den Zweck der Verarbeitung von personenbezogenen Daten beim Besuch unserer Website und \u00fcber Ihre diesbez\u00fcglichen Rechte informieren. Bei den verwendeten Begrifflichkeiten verweisen wir auf die Definitionen in Art. 4 der Datenschutzgrundverordnung (DSGVO). Personenbezogene Daten\u00a0sind alle Informationen, die sich [&hellip;]\" \/>\n<meta property=\"og:url\" content=\"https:\/\/www.fabreeka.com\/de\/privacy-policy\/\" \/>\n<meta property=\"og:site_name\" content=\"Fabreeka\" \/>\n<meta property=\"article:publisher\" content=\"https:\/\/www.facebook.com\/FabreekaIntl\/\" \/>\n<meta property=\"article:modified_time\" content=\"2025-08-15T08:31:02+00:00\" \/>\n<meta property=\"og:image\" content=\"https:\/\/www.fabreeka.com\/wp-content\/uploads\/2025\/08\/fabreeka-site-image.png\" \/>\n\t<meta property=\"og:image:width\" content=\"1537\" \/>\n\t<meta property=\"og:image:height\" content=\"788\" \/>\n\t<meta property=\"og:image:type\" content=\"image\/png\" \/>\n<meta name=\"twitter:card\" content=\"summary_large_image\" \/>\n<meta name=\"twitter:site\" content=\"@FabreekaIntl\" \/>\n<meta name=\"twitter:label1\" content=\"Gesch\u00e4tzte Lesezeit\" \/>\n\t<meta name=\"twitter:data1\" content=\"10\u00a0Minuten\" \/>\n<script type=\"application\/ld+json\" class=\"yoast-schema-graph\">{\"@context\":\"https:\\\/\\\/schema.org\",\"@graph\":[{\"@type\":\"WebPage\",\"@id\":\"https:\\\/\\\/www.fabreeka.com\\\/de\\\/privacy-policy\\\/\",\"url\":\"https:\\\/\\\/www.fabreeka.com\\\/de\\\/privacy-policy\\\/\",\"name\":\"Datenschutzerkl\u00e4rung | Fabreeka\",\"isPartOf\":{\"@id\":\"https:\\\/\\\/www.fabreeka.com\\\/#website\"},\"datePublished\":\"2025-08-08T16:06:32+00:00\",\"dateModified\":\"2025-08-15T08:31:02+00:00\",\"breadcrumb\":{\"@id\":\"https:\\\/\\\/www.fabreeka.com\\\/de\\\/privacy-policy\\\/#breadcrumb\"},\"inLanguage\":\"de\",\"potentialAction\":[{\"@type\":\"ReadAction\",\"target\":[\"https:\\\/\\\/www.fabreeka.com\\\/de\\\/privacy-policy\\\/\"]}]},{\"@type\":\"BreadcrumbList\",\"@id\":\"https:\\\/\\\/www.fabreeka.com\\\/de\\\/privacy-policy\\\/#breadcrumb\",\"itemListElement\":[{\"@type\":\"ListItem\",\"position\":1,\"name\":\"Home\",\"item\":\"https:\\\/\\\/www.fabreeka.com\\\/de\\\/\"},{\"@type\":\"ListItem\",\"position\":2,\"name\":\"Datenschutzerkl\u00e4rung\"}]},{\"@type\":\"WebSite\",\"@id\":\"https:\\\/\\\/www.fabreeka.com\\\/#website\",\"url\":\"https:\\\/\\\/www.fabreeka.com\\\/\",\"name\":\"Fabreeka\",\"description\":\"Thermal Break, Vibration &amp; Shock Control Solutions\",\"publisher\":{\"@id\":\"https:\\\/\\\/www.fabreeka.com\\\/#organization\"},\"potentialAction\":[{\"@type\":\"SearchAction\",\"target\":{\"@type\":\"EntryPoint\",\"urlTemplate\":\"https:\\\/\\\/www.fabreeka.com\\\/?s={search_term_string}\"},\"query-input\":{\"@type\":\"PropertyValueSpecification\",\"valueRequired\":true,\"valueName\":\"search_term_string\"}}],\"inLanguage\":\"de\"},{\"@type\":\"Organization\",\"@id\":\"https:\\\/\\\/www.fabreeka.com\\\/#organization\",\"name\":\"Fabreeka\",\"url\":\"https:\\\/\\\/www.fabreeka.com\\\/\",\"logo\":{\"@type\":\"ImageObject\",\"inLanguage\":\"de\",\"@id\":\"https:\\\/\\\/www.fabreeka.com\\\/#\\\/schema\\\/logo\\\/image\\\/\",\"url\":\"https:\\\/\\\/www.fabreeka.com\\\/wp-content\\\/uploads\\\/2025\\\/08\\\/footer-logo.svg\",\"contentUrl\":\"https:\\\/\\\/www.fabreeka.com\\\/wp-content\\\/uploads\\\/2025\\\/08\\\/footer-logo.svg\",\"width\":1,\"height\":1,\"caption\":\"Fabreeka\"},\"image\":{\"@id\":\"https:\\\/\\\/www.fabreeka.com\\\/#\\\/schema\\\/logo\\\/image\\\/\"},\"sameAs\":[\"https:\\\/\\\/www.facebook.com\\\/FabreekaIntl\\\/\",\"https:\\\/\\\/x.com\\\/FabreekaIntl\",\"https:\\\/\\\/www.linkedin.com\\\/company\\\/fabreeka-international-inc\\\/\",\"https:\\\/\\\/www.youtube.com\\\/channel\\\/UCCYraLVoPnVlX0Eg5b5EHtA\",\"https:\\\/\\\/www.instagram.com\\\/fabreeka_international_inc\"]}]}<\/script>\n<!-- \/ Yoast SEO plugin. -->","yoast_head_json":{"title":"Datenschutzerkl\u00e4rung | Fabreeka","robots":{"index":"index","follow":"follow","max-snippet":"max-snippet:-1","max-image-preview":"max-image-preview:large","max-video-preview":"max-video-preview:-1"},"canonical":"https:\/\/www.fabreeka.com\/de\/privacy-policy\/","og_locale":"de_DE","og_type":"article","og_title":"Datenschutzerkl\u00e4rung | Fabreeka","og_description":"Datenschutzerkl\u00e4rung Grunds\u00e4tzliche Angaben zur Datenverarbeitung Wir m\u00f6chten Sie in dieser Datenschutzerkl\u00e4rung \u00fcber die Art, den Umfang und den Zweck der Verarbeitung von personenbezogenen Daten beim Besuch unserer Website und \u00fcber Ihre diesbez\u00fcglichen Rechte informieren. Bei den verwendeten Begrifflichkeiten verweisen wir auf die Definitionen in Art. 4 der Datenschutzgrundverordnung (DSGVO). Personenbezogene Daten\u00a0sind alle Informationen, die sich [&hellip;]","og_url":"https:\/\/www.fabreeka.com\/de\/privacy-policy\/","og_site_name":"Fabreeka","article_publisher":"https:\/\/www.facebook.com\/FabreekaIntl\/","article_modified_time":"2025-08-15T08:31:02+00:00","og_image":[{"width":1537,"height":788,"url":"https:\/\/www.fabreeka.com\/wp-content\/uploads\/2025\/08\/fabreeka-site-image.png","type":"image\/png"}],"twitter_card":"summary_large_image","twitter_site":"@FabreekaIntl","twitter_misc":{"Gesch\u00e4tzte Lesezeit":"10\u00a0Minuten"},"schema":{"@context":"https:\/\/schema.org","@graph":[{"@type":"WebPage","@id":"https:\/\/www.fabreeka.com\/de\/privacy-policy\/","url":"https:\/\/www.fabreeka.com\/de\/privacy-policy\/","name":"Datenschutzerkl\u00e4rung | Fabreeka","isPartOf":{"@id":"https:\/\/www.fabreeka.com\/#website"},"datePublished":"2025-08-08T16:06:32+00:00","dateModified":"2025-08-15T08:31:02+00:00","breadcrumb":{"@id":"https:\/\/www.fabreeka.com\/de\/privacy-policy\/#breadcrumb"},"inLanguage":"de","potentialAction":[{"@type":"ReadAction","target":["https:\/\/www.fabreeka.com\/de\/privacy-policy\/"]}]},{"@type":"BreadcrumbList","@id":"https:\/\/www.fabreeka.com\/de\/privacy-policy\/#breadcrumb","itemListElement":[{"@type":"ListItem","position":1,"name":"Home","item":"https:\/\/www.fabreeka.com\/de\/"},{"@type":"ListItem","position":2,"name":"Datenschutzerkl\u00e4rung"}]},{"@type":"WebSite","@id":"https:\/\/www.fabreeka.com\/#website","url":"https:\/\/www.fabreeka.com\/","name":"Fabreeka","description":"Thermal Break, Vibration &amp; Shock Control Solutions","publisher":{"@id":"https:\/\/www.fabreeka.com\/#organization"},"potentialAction":[{"@type":"SearchAction","target":{"@type":"EntryPoint","urlTemplate":"https:\/\/www.fabreeka.com\/?s={search_term_string}"},"query-input":{"@type":"PropertyValueSpecification","valueRequired":true,"valueName":"search_term_string"}}],"inLanguage":"de"},{"@type":"Organization","@id":"https:\/\/www.fabreeka.com\/#organization","name":"Fabreeka","url":"https:\/\/www.fabreeka.com\/","logo":{"@type":"ImageObject","inLanguage":"de","@id":"https:\/\/www.fabreeka.com\/#\/schema\/logo\/image\/","url":"https:\/\/www.fabreeka.com\/wp-content\/uploads\/2025\/08\/footer-logo.svg","contentUrl":"https:\/\/www.fabreeka.com\/wp-content\/uploads\/2025\/08\/footer-logo.svg","width":1,"height":1,"caption":"Fabreeka"},"image":{"@id":"https:\/\/www.fabreeka.com\/#\/schema\/logo\/image\/"},"sameAs":["https:\/\/www.facebook.com\/FabreekaIntl\/","https:\/\/x.com\/FabreekaIntl","https:\/\/www.linkedin.com\/company\/fabreeka-international-inc\/","https:\/\/www.youtube.com\/channel\/UCCYraLVoPnVlX0Eg5b5EHtA","https:\/\/www.instagram.com\/fabreeka_international_inc"]}]}},"_links":{"self":[{"href":"https:\/\/www.fabreeka.com\/de\/wp-json\/wp\/v2\/pages\/12062","targetHints":{"allow":["GET"]}}],"collection":[{"href":"https:\/\/www.fabreeka.com\/de\/wp-json\/wp\/v2\/pages"}],"about":[{"href":"https:\/\/www.fabreeka.com\/de\/wp-json\/wp\/v2\/types\/page"}],"author":[{"embeddable":true,"href":"https:\/\/www.fabreeka.com\/de\/wp-json\/wp\/v2\/users\/1"}],"replies":[{"embeddable":true,"href":"https:\/\/www.fabreeka.com\/de\/wp-json\/wp\/v2\/comments?post=12062"}],"version-history":[{"count":1,"href":"https:\/\/www.fabreeka.com\/de\/wp-json\/wp\/v2\/pages\/12062\/revisions"}],"predecessor-version":[{"id":32825,"href":"https:\/\/www.fabreeka.com\/de\/wp-json\/wp\/v2\/pages\/12062\/revisions\/32825"}],"wp:attachment":[{"href":"https:\/\/www.fabreeka.com\/de\/wp-json\/wp\/v2\/media?parent=12062"}],"curies":[{"name":"wp","href":"https:\/\/api.w.org\/{rel}","templated":true}]}}